{"id":1337,"date":"2025-11-19T21:37:54","date_gmt":"2025-11-19T20:37:54","guid":{"rendered":"https:\/\/berlinaikido.de\/?page_id=1337"},"modified":"2026-02-12T19:00:55","modified_gmt":"2026-02-12T18:00:55","slug":"horst-oldehus","status":"publish","type":"page","link":"https:\/\/berlinaikido.de\/en\/trainer\/horst-oldehus\/","title":{"rendered":"Horst Oldehus"},"content":{"rendered":"<p style=\"text-align: justify; hyphens: auto; line-height: 1.6; margin-bottom: 1em;\">\nHorst entdeckte Aikido w\u00e4hrend seines Studiums an der Universit\u00e4t. Seit rund 30 Jahren begleitet es sein Leben. F\u00fcr ihn bot Aikido von Anfang an die M\u00f6glichkeit, sich kontinuierlich weiterzuentwickeln \u2013 ohne feste Grenzen und ohne durch k\u00f6rperliche Einschr\u00e4nkungen limitiert zu sein. Unter Ulrich Nachtig\u00e4ller, Ulrike Serak und G\u00fcnter Heck trainiert er. <\/p>\n<p style=\"text-align: justify; hyphens: auto; line-height: 1.6; margin-bottom: 1em;\"> Seit fast ebenso vielen Jahren leitet Horst das Uni-Training an der TU Berlin. F\u00fcr viele ist es der erste Ber\u00fchrungspunkt mit Aikido. Gerade darin sieht er die Chance, Begeisterung f\u00fcr die Kampfkunst zu wecken und einen unkomplizierten Einstieg zu erm\u00f6glichen.\n 2005 gr\u00fcndete er gemeinsam mit seinem Freund und Lehrer G\u00fcnter Heck den Verein \u201eAikido am Ufer e.V.\u201c am Paul-Lincke-Ufer in Berlin. Dort verbindet sich f\u00fcr ihn langj\u00e4hrige Erfahrung aus dem Uni-Training mit der M\u00f6glichkeit, Aikido im Dojo vertieft weiterzugeben. <\/p>\n<p style=\"text-align: justify; hyphens: auto; line-height: 1.6; margin-bottom: 1em;\">Aikido versteht Horst als eine Kunst, vergleichbar mit Musik oder Malerei: Man beginnt unge\u00fcbt, und durch \u00dcbung und Wiederholung entsteht nach und nach etwas Eigenes. Dabei entwickelt man sich nicht nur k\u00f6rperlich weiter, sondern auch in der eigenen mentalen Haltung. Im Training \u00fcbernimmt man Verantwortung \u2013 nicht nur f\u00fcr sich selbst, sondern immer auch f\u00fcr den\/die Trainingspartner:in , den\/der Angreifer:in. Man lernt auf einen Angriff einzugehen, ohne dabei jemanden zu verletzen. Aikido spiegelt sich auch im Alltag wider: nicht erstarren, wenn Stress entsteht, sondern ruhig und aufmerksam bleiben. Oft l\u00f6st sich ein Konflikt dadurch bereits von selbst.<\/p>\n<p style=\"text-align: justify; hyphens: auto; line-height: 1.6; margin-bottom: 1em;\">\u201eDer Angreifer\/ Der Angriff ist nicht das Problem, sondern gleichzeitig auch die L\u00f6sung des Problems\u201c\n~Christian Tissier\n<\/p>\n<p>Horst discovered Aikido while studying at university and has been practicing for around 30 years. From the beginning, Aikido offered him a way to keep developing without fixed limits or being held back by physical restrictions. He trained with Ulrich Nachtig\u00e4ller, Ulrike Serak, and G\u00fcnter Heck.<\/p>\n<p>For nearly as long, Horst has been teaching Aikido at TU Berlin. For many students, this is their first encounter with the art. He sees university training as a chance to pass on his enthusiasm and to offer an easy, welcoming introduction to Aikido.<\/p>\n<p>In 2005, he founded Aikido am Ufer e.V. together with his friend and teacher G\u00fcnter Heck at Paul-Lincke-Ufer in Berlin. Here, his long experience from university classes comes together with the opportunity to teach Aikido in greater depth within a dojo setting.<\/p>\n<p>Horst sees Aikido as an art form, much like music or painting. You start without knowing much, and through practice and repetition something personal gradually develops. This process is not only physical but also shapes one\u2019s attitude. In training, responsibility is taken not only for oneself, but also for one\u2019s partner, the attacker. The aim is to respond to an attack without causing harm. This attitude carries over into everyday life: staying calm and attentive instead of freezing under stress. Often, this alone is enough to defuse a conflict.<\/p>\n","protected":false},"excerpt":{"rendered":"<p>Horst entdeckte Aikido w\u00e4hrend seines Studiums an der Universit\u00e4t. Seit rund 30 Jahren begleitet es sein Leben. F\u00fcr ihn bot Aikido von Anfang an die M\u00f6glichkeit, sich kontinuierlich weiterzuentwickeln \u2013 [&hellip;]<\/p>\n","protected":false},"author":6,"featured_media":0,"parent":8,"menu_order":0,"comment_status":"closed","ping_status":"closed","template":"","meta":{"_acf_changed":false,"footnotes":""},"class_list":["post-1337","page","type-page","status-publish","hentry"],"acf":[],"yoast_head":"<!-- This site is optimized with the Yoast SEO plugin v26.4 - https:\/\/yoast.com\/wordpress\/plugins\/seo\/ -->\n<title>Horst Oldehus - BerlinAikido am Ufer<\/title>\n<meta name=\"robots\" content=\"index, follow, max-snippet:-1, max-image-preview:large, max-video-preview:-1\" \/>\n<link rel=\"canonical\" href=\"https:\/\/berlinaikido.de\/trainer\/horst-oldehus\/\" \/>\n<meta property=\"og:locale\" content=\"en_US\" \/>\n<meta property=\"og:type\" content=\"article\" \/>\n<meta property=\"og:title\" content=\"Horst Oldehus - BerlinAikido am Ufer\" \/>\n<meta property=\"og:description\" content=\"Horst entdeckte Aikido w\u00e4hrend seines Studiums an der Universit\u00e4t. Seit rund 30 Jahren begleitet es sein Leben. F\u00fcr ihn bot Aikido von Anfang an die M\u00f6glichkeit, sich kontinuierlich weiterzuentwickeln \u2013 [&hellip;]\" \/>\n<meta property=\"og:url\" content=\"https:\/\/berlinaikido.de\/trainer\/horst-oldehus\/\" \/>\n<meta property=\"og:site_name\" content=\"BerlinAikido am Ufer\" \/>\n<meta property=\"article:publisher\" content=\"https:\/\/www.facebook.com\/Berlin-Aikido-am-Hermannplatz-68919249829\/\" \/>\n<meta property=\"article:modified_time\" content=\"2026-02-12T18:00:55+00:00\" \/>\n<meta name=\"twitter:card\" content=\"summary_large_image\" \/>\n<meta name=\"twitter:label1\" content=\"Est. reading time\" \/>\n\t<meta name=\"twitter:data1\" content=\"2 minutes\" \/>\n<script type=\"application\/ld+json\" class=\"yoast-schema-graph\">{\"@context\":\"https:\/\/schema.org\",\"@graph\":[{\"@type\":\"WebPage\",\"@id\":\"https:\/\/berlinaikido.de\/trainer\/horst-oldehus\/\",\"url\":\"https:\/\/berlinaikido.de\/trainer\/horst-oldehus\/\",\"name\":\"Horst Oldehus - BerlinAikido am Ufer\",\"isPartOf\":{\"@id\":\"https:\/\/berlinaikido.de\/en\/#website\"},\"datePublished\":\"2025-11-19T20:37:54+00:00\",\"dateModified\":\"2026-02-12T18:00:55+00:00\",\"breadcrumb\":{\"@id\":\"https:\/\/berlinaikido.de\/trainer\/horst-oldehus\/#breadcrumb\"},\"inLanguage\":\"en-US\",\"potentialAction\":[{\"@type\":\"ReadAction\",\"target\":[\"https:\/\/berlinaikido.de\/trainer\/horst-oldehus\/\"]}]},{\"@type\":\"BreadcrumbList\",\"@id\":\"https:\/\/berlinaikido.de\/trainer\/horst-oldehus\/#breadcrumb\",\"itemListElement\":[{\"@type\":\"ListItem\",\"position\":1,\"name\":\"Startseite\",\"item\":\"https:\/\/berlinaikido.de\/en\/\"},{\"@type\":\"ListItem\",\"position\":2,\"name\":\"Trainer\",\"item\":\"https:\/\/berlinaikido.de\/trainer\/\"},{\"@type\":\"ListItem\",\"position\":3,\"name\":\"Horst Oldehus\"}]},{\"@type\":\"WebSite\",\"@id\":\"https:\/\/berlinaikido.de\/en\/#website\",\"url\":\"https:\/\/berlinaikido.de\/en\/\",\"name\":\"BerlinAikido am Ufer\",\"description\":\"\",\"publisher\":{\"@id\":\"https:\/\/berlinaikido.de\/en\/#organization\"},\"potentialAction\":[{\"@type\":\"SearchAction\",\"target\":{\"@type\":\"EntryPoint\",\"urlTemplate\":\"https:\/\/berlinaikido.de\/en\/?s={search_term_string}\"},\"query-input\":{\"@type\":\"PropertyValueSpecification\",\"valueRequired\":true,\"valueName\":\"search_term_string\"}}],\"inLanguage\":\"en-US\"},{\"@type\":\"Organization\",\"@id\":\"https:\/\/berlinaikido.de\/en\/#organization\",\"name\":\"BerlinAikido am Ufer\",\"url\":\"https:\/\/berlinaikido.de\/en\/\",\"logo\":{\"@type\":\"ImageObject\",\"inLanguage\":\"en-US\",\"@id\":\"https:\/\/berlinaikido.de\/en\/#\/schema\/logo\/image\/\",\"url\":\"https:\/\/berlinaikido.de\/wp-content\/uploads\/Logo.png\",\"contentUrl\":\"https:\/\/berlinaikido.de\/wp-content\/uploads\/Logo.png\",\"width\":477,\"height\":477,\"caption\":\"BerlinAikido am Ufer\"},\"image\":{\"@id\":\"https:\/\/berlinaikido.de\/en\/#\/schema\/logo\/image\/\"},\"sameAs\":[\"https:\/\/www.facebook.com\/Berlin-Aikido-am-Hermannplatz-68919249829\/\"]}]}<\/script>\n<!-- \/ Yoast SEO plugin. -->","yoast_head_json":{"title":"Horst Oldehus - BerlinAikido am Ufer","robots":{"index":"index","follow":"follow","max-snippet":"max-snippet:-1","max-image-preview":"max-image-preview:large","max-video-preview":"max-video-preview:-1"},"canonical":"https:\/\/berlinaikido.de\/trainer\/horst-oldehus\/","og_locale":"en_US","og_type":"article","og_title":"Horst Oldehus - BerlinAikido am Ufer","og_description":"Horst entdeckte Aikido w\u00e4hrend seines Studiums an der Universit\u00e4t. Seit rund 30 Jahren begleitet es sein Leben. F\u00fcr ihn bot Aikido von Anfang an die M\u00f6glichkeit, sich kontinuierlich weiterzuentwickeln \u2013 [&hellip;]","og_url":"https:\/\/berlinaikido.de\/trainer\/horst-oldehus\/","og_site_name":"BerlinAikido am Ufer","article_publisher":"https:\/\/www.facebook.com\/Berlin-Aikido-am-Hermannplatz-68919249829\/","article_modified_time":"2026-02-12T18:00:55+00:00","twitter_card":"summary_large_image","twitter_misc":{"Est. reading time":"2 minutes"},"schema":{"@context":"https:\/\/schema.org","@graph":[{"@type":"WebPage","@id":"https:\/\/berlinaikido.de\/trainer\/horst-oldehus\/","url":"https:\/\/berlinaikido.de\/trainer\/horst-oldehus\/","name":"Horst Oldehus - BerlinAikido am Ufer","isPartOf":{"@id":"https:\/\/berlinaikido.de\/en\/#website"},"datePublished":"2025-11-19T20:37:54+00:00","dateModified":"2026-02-12T18:00:55+00:00","breadcrumb":{"@id":"https:\/\/berlinaikido.de\/trainer\/horst-oldehus\/#breadcrumb"},"inLanguage":"en-US","potentialAction":[{"@type":"ReadAction","target":["https:\/\/berlinaikido.de\/trainer\/horst-oldehus\/"]}]},{"@type":"BreadcrumbList","@id":"https:\/\/berlinaikido.de\/trainer\/horst-oldehus\/#breadcrumb","itemListElement":[{"@type":"ListItem","position":1,"name":"Startseite","item":"https:\/\/berlinaikido.de\/en\/"},{"@type":"ListItem","position":2,"name":"Trainer","item":"https:\/\/berlinaikido.de\/trainer\/"},{"@type":"ListItem","position":3,"name":"Horst Oldehus"}]},{"@type":"WebSite","@id":"https:\/\/berlinaikido.de\/en\/#website","url":"https:\/\/berlinaikido.de\/en\/","name":"BerlinAikido am Ufer","description":"","publisher":{"@id":"https:\/\/berlinaikido.de\/en\/#organization"},"potentialAction":[{"@type":"SearchAction","target":{"@type":"EntryPoint","urlTemplate":"https:\/\/berlinaikido.de\/en\/?s={search_term_string}"},"query-input":{"@type":"PropertyValueSpecification","valueRequired":true,"valueName":"search_term_string"}}],"inLanguage":"en-US"},{"@type":"Organization","@id":"https:\/\/berlinaikido.de\/en\/#organization","name":"BerlinAikido am Ufer","url":"https:\/\/berlinaikido.de\/en\/","logo":{"@type":"ImageObject","inLanguage":"en-US","@id":"https:\/\/berlinaikido.de\/en\/#\/schema\/logo\/image\/","url":"https:\/\/berlinaikido.de\/wp-content\/uploads\/Logo.png","contentUrl":"https:\/\/berlinaikido.de\/wp-content\/uploads\/Logo.png","width":477,"height":477,"caption":"BerlinAikido am Ufer"},"image":{"@id":"https:\/\/berlinaikido.de\/en\/#\/schema\/logo\/image\/"},"sameAs":["https:\/\/www.facebook.com\/Berlin-Aikido-am-Hermannplatz-68919249829\/"]}]}},"_links":{"self":[{"href":"https:\/\/berlinaikido.de\/en\/wp-json\/wp\/v2\/pages\/1337","targetHints":{"allow":["GET"]}}],"collection":[{"href":"https:\/\/berlinaikido.de\/en\/wp-json\/wp\/v2\/pages"}],"about":[{"href":"https:\/\/berlinaikido.de\/en\/wp-json\/wp\/v2\/types\/page"}],"author":[{"embeddable":true,"href":"https:\/\/berlinaikido.de\/en\/wp-json\/wp\/v2\/users\/6"}],"replies":[{"embeddable":true,"href":"https:\/\/berlinaikido.de\/en\/wp-json\/wp\/v2\/comments?post=1337"}],"version-history":[{"count":6,"href":"https:\/\/berlinaikido.de\/en\/wp-json\/wp\/v2\/pages\/1337\/revisions"}],"predecessor-version":[{"id":1565,"href":"https:\/\/berlinaikido.de\/en\/wp-json\/wp\/v2\/pages\/1337\/revisions\/1565"}],"up":[{"embeddable":true,"href":"https:\/\/berlinaikido.de\/en\/wp-json\/wp\/v2\/pages\/8"}],"wp:attachment":[{"href":"https:\/\/berlinaikido.de\/en\/wp-json\/wp\/v2\/media?parent=1337"}],"curies":[{"name":"wp","href":"https:\/\/api.w.org\/{rel}","templated":true}]}}